{"id":89,"date":"2022-09-12T18:32:44","date_gmt":"2022-09-12T16:32:44","guid":{"rendered":"http:\/\/brevnov.hostx008.spoje.net\/?page_id=89"},"modified":"2022-09-16T21:01:42","modified_gmt":"2022-09-16T19:01:42","slug":"brevnov-net","status":"publish","type":"page","link":"https:\/\/brevnov.net\/","title":{"rendered":"BREVNOV.NET"},"content":{"rendered":"\n<h2 class=\"has-text-align-center has-accent-color has-text-color wp-block-heading\"><strong>NA\u0160E \u010cTVR\u0164, N\u00c1\u0160 SV\u011aT<\/strong><\/h2>\n\n\n\n<p><strong>Jsme b\u0159evnovsk\u00e1  firma, podnik\u00e1me tu i bydl\u00edme. \u017d\u00e1dn\u00fd korpor\u00e1t, n\u00e1s potk\u00e1te osobn\u011b. <strong>Pom\u016f\u017eeme v\u00e1m se v\u0161\u00edm kolem internetu a IT a budete n\u00e1s m\u00edt v\u017edy po ruce.<\/strong><\/strong> &nbsp;<\/p>\n\n\n<p><span style=\"font-size: 18pt;\">Na\u0161i s\u00ed\u0165 budujeme na \u00fazem\u00ed B\u0159evnova a okol\u00ed u\u017e od roku 2010, a to na b\u00e1zi FTTH (Fiber To The Home), tedy optick\u00e9ho vl\u00e1kna a\u017e do bytu.\u00a0<\/span><br data-rich-text-line-break=\"true\" \/><span style=\"font-size: 18pt;\">\u00a0<\/span><br data-rich-text-line-break=\"true\" \/><span style=\"font-size: 18pt;\">D\u00edky \u00fazk\u00e9 spolupr\u00e1ci s\u202fmajiteli nemovitost\u00ed p\u0159ipojujeme i domy, kter\u00e9 by jinak \u201ena optiku\u201c \u010dekaly v\u011b\u010dn\u011b, proto\u017ee velk\u00fdm spole\u010dnostem se to ekonomicky nevyplat\u00ed. Chcete, aby byla i va\u0161e nemovitost napojena na nejrychlej\u0161\u00ed s\u00ed\u0165 v\u202fPraze a vzrostla tak jej\u00ed hodnota i atraktivita? Poj\u010fme si o tom promluvit, ur\u010dit\u011b najdeme spole\u010dnou \u0159e\u010d.\u00a0<\/span><br data-rich-text-line-break=\"true\" \/><span style=\"font-size: 18pt;\">\u00a0<\/span><br data-rich-text-line-break=\"true\" \/><span style=\"font-size: 18pt;\">M\u00e1me zku\u0161enosti jak s\u202ftis\u00edci dom\u00e1cnostmi, tak s\u202fvelk\u00fdmi projekty pro instituce typu Akademie v\u011bd nebo \u010cVUT. Firm\u00e1m pom\u00e1h\u00e1me kompletn\u011b vy\u0159e\u0161it IT a\u017e do \u00farovn\u011b SMB (250 po\u010d\u00edta\u010d\u016f). \u00a0<\/span><br data-rich-text-line-break=\"true\" \/><span style=\"font-size: 18pt;\">\u00a0<\/span><br data-rich-text-line-break=\"true\" \/><span style=\"font-size: 18pt;\">M\u016f\u017eeme v\u0161ak b\u00fdt u\u017eite\u010dn\u00fdm pomocn\u00edkem a partnerem i pro jednotlivce. V\u00edme, \u017ee kabel nekon\u010d\u00ed u dve\u0159\u00ed, realizaci kompletn\u00edch rozvod\u016f v\u202fbyt\u011b pova\u017eujeme za samoz\u0159ejmost. Porad\u00edme si i s\u202fdal\u0161\u00edmi modern\u00edmi smartbuilding slu\u017ebami \u2013 kamerov\u00e9 syst\u00e9my, videovr\u00e1tn\u00fd, d\u00e1lkov\u00e9 ovl\u00e1d\u00e1n\u00ed sv\u011btel a topen\u00ed, zaji\u0161t\u011bn\u00ed rekuperace energie, vzd\u00e1len\u00e9 ode\u010dty plynu, elekt\u0159iny a vody, klimatizace a mnoho dal\u0161\u00edho.\u00a0<\/span><br data-rich-text-line-break=\"true\" \/><span style=\"font-size: 18pt;\">\u00a0<\/span><br data-rich-text-line-break=\"true\" \/><span style=\"font-size: 18pt;\">Na\u0161i s\u00ed\u0165 BREVNOV.NET realizujeme pod hlavi\u010dkou spole\u010dnosti SPOJE.NET s r.o., provozovnu m\u00e1me v\u202fulici Pato\u010dkova 77, tak\u017ee po cel\u00e9m B\u0159evnov\u011b skute\u010dn\u011b m\u016f\u017eeme b\u00fdt za p\u00e1r minut.\u00a0<\/span><\/p>\n\n\n<h3 class=\"has-text-align-center has-accent-color has-text-color wp-block-heading\"><strong>Kontaktujte n\u00e1s, r\u00e1di se sezn\u00e1m\u00edme!<\/strong><\/h3>\n","protected":false},"excerpt":{"rendered":"<p>NA\u0160E \u010cTVR\u0164, N\u00c1\u0160 SV\u011aT Jsme b\u0159evnovsk\u00e1 firma, podnik\u00e1me tu i bydl\u00edme. \u017d\u00e1dn\u00fd korpor\u00e1t, n\u00e1s potk\u00e1te osobn\u011b. Pom\u016f\u017eeme v\u00e1m se v\u0161\u00edm kolem internetu a IT a budete n\u00e1s m\u00edt v\u017edy po ruce. &nbsp; Na\u0161i s\u00ed\u0165 budujeme na \u00fazem\u00ed B\u0159evnova a okol\u00ed u\u017e od roku 2010, a to na b\u00e1zi FTTH (Fiber To The Home), tedy optick\u00e9ho [&hellip;]<\/p>\n","protected":false},"author":1,"featured_media":0,"parent":0,"menu_order":0,"comment_status":"closed","ping_status":"closed","template":"","meta":{"footnotes":""},"class_list":["post-89","page","type-page","status-publish","hentry","post"],"_links":{"self":[{"href":"https:\/\/brevnov.net\/index.php\/wp-json\/wp\/v2\/pages\/89","targetHints":{"allow":["GET"]}}],"collection":[{"href":"https:\/\/brevnov.net\/index.php\/wp-json\/wp\/v2\/pages"}],"about":[{"href":"https:\/\/brevnov.net\/index.php\/wp-json\/wp\/v2\/types\/page"}],"author":[{"embeddable":true,"href":"https:\/\/brevnov.net\/index.php\/wp-json\/wp\/v2\/users\/1"}],"replies":[{"embeddable":true,"href":"https:\/\/brevnov.net\/index.php\/wp-json\/wp\/v2\/comments?post=89"}],"version-history":[{"count":12,"href":"https:\/\/brevnov.net\/index.php\/wp-json\/wp\/v2\/pages\/89\/revisions"}],"predecessor-version":[{"id":340,"href":"https:\/\/brevnov.net\/index.php\/wp-json\/wp\/v2\/pages\/89\/revisions\/340"}],"wp:attachment":[{"href":"https:\/\/brevnov.net\/index.php\/wp-json\/wp\/v2\/media?parent=89"}],"curies":[{"name":"wp","href":"https:\/\/api.w.org\/{rel}","templated":true}]}}