{"id":296,"date":"2022-09-15T23:37:07","date_gmt":"2022-09-15T21:37:07","guid":{"rendered":"http:\/\/brevnov.hostx008.spoje.net\/?page_id=296"},"modified":"2022-09-22T19:53:49","modified_gmt":"2022-09-22T17:53:49","slug":"kontaktni-formular","status":"publish","type":"page","link":"https:\/\/brevnov.net\/index.php\/kontaktni-formular\/","title":{"rendered":"KONTAKTN\u00cd FORMUL\u00c1\u0158"},"content":{"rendered":"<h1 style=\"text-align: center;\">Kontaktujte n\u00e1s pomoc\u00ed formul\u00e1\u0159e<\/h1>\n<p style=\"text-align: center;\"><img loading=\"lazy\" decoding=\"async\" class=\"alignnone wp-image-369 size-medium\" src=\"https:\/\/brevnov.net\/wp-content\/uploads\/2022\/09\/logo-spoje-tmave-300x35.png\" alt=\"\" width=\"300\" height=\"35\" srcset=\"https:\/\/brevnov.net\/wp-content\/uploads\/2022\/09\/logo-spoje-tmave-300x35.png 300w, https:\/\/brevnov.net\/wp-content\/uploads\/2022\/09\/logo-spoje-tmave-1024x121.png 1024w, https:\/\/brevnov.net\/wp-content\/uploads\/2022\/09\/logo-spoje-tmave-768x91.png 768w, https:\/\/brevnov.net\/wp-content\/uploads\/2022\/09\/logo-spoje-tmave-1536x182.png 1536w, https:\/\/brevnov.net\/wp-content\/uploads\/2022\/09\/logo-spoje-tmave.png 1921w\" sizes=\"auto, (max-width: 300px) 100vw, 300px\" \/><\/p>\n<p style=\"text-align: left;\">Pokud ji\u017e v byt\u011b m\u00e1te z\u00e1suvku od SPOJE.NET, vyberte pros\u00edm &#8220;popt\u00e1v\u00e1m obnoven\u00ed p\u0159\u00edpojky&#8221;<\/p>\n<p style=\"text-align: left;\">Pokud pot\u0159ebujete servis st\u00e1vaj\u00edc\u00ed p\u0159\u00edpojky nebo pomoc v oblasti IT, vyberte pros\u00edm &#8220;popt\u00e1v\u00e1m servis&#8221; a do pozn\u00e1mky uve\u010fte pros\u00edm \u010d\u00edslo Va\u0161i smlouvy.<\/p>\n<p style=\"text-align: left;\"><em>Pol\u00ed\u010dka Jm\u00e9no, Adresa, E-mail a Telefon jsou povinn\u00e9. Na z\u00e1v\u011br m\u016f\u017eete zvolit, od koho jste se od n\u00e1s dozv\u011bd\u011bli. V p\u0159\u00edpad\u011b, \u017ee jste dostali doporu\u010den\u00ed od jin\u00e9ho na\u0161eho z\u00e1kazn\u00edka, m\u016f\u017eete ho v pozn\u00e1mce uv\u00e9st &#8211; dostane od n\u00e1s provizi.<\/em><\/p>\n\n\n<div class=\"wp-block-columns is-layout-flex wp-container-core-columns-is-layout-9d6595d7 wp-block-columns-is-layout-flex\">\n<div class=\"wp-block-column is-vertically-aligned-center is-layout-flow wp-block-column-is-layout-flow\">\n<div class=\"wp-block-contact-form-7-contact-form-selector\"><div role=\"form\" class=\"wpcf7\" id=\"wpcf7-f292-o1\" lang=\"cs-CZ\" dir=\"ltr\">\n<div class=\"screen-reader-response\"><p role=\"status\" aria-live=\"polite\" aria-atomic=\"true\"><\/p> <ul><\/ul><\/div>\n<form action=\"\/index.php\/wp-json\/wp\/v2\/pages\/296#wpcf7-f292-o1\" method=\"post\" class=\"wpcf7-form init\" novalidate=\"novalidate\" data-status=\"init\">\n<div style=\"display: none;\">\n<input type=\"hidden\" name=\"_wpcf7\" value=\"292\" \/>\n<input type=\"hidden\" name=\"_wpcf7_version\" value=\"5.6.3\" \/>\n<input type=\"hidden\" name=\"_wpcf7_locale\" value=\"cs_CZ\" \/>\n<input type=\"hidden\" name=\"_wpcf7_unit_tag\" value=\"wpcf7-f292-o1\" \/>\n<input type=\"hidden\" name=\"_wpcf7_container_post\" value=\"0\" \/>\n<input type=\"hidden\" name=\"_wpcf7_posted_data_hash\" value=\"\" \/>\n<\/div>\n<p><label> P\u0159edm\u011bt<br \/>\n    <span class=\"wpcf7-form-control-wrap\" data-name=\"subject\"><select name=\"subject\" class=\"wpcf7-form-control wpcf7-select wpcf7-validates-as-required\" aria-required=\"true\" aria-invalid=\"false\"><option value=\"Popt\u00e1v\u00e1m novou p\u0159\u00edpojku\">Popt\u00e1v\u00e1m novou p\u0159\u00edpojku<\/option><option value=\"Popt\u00e1v\u00e1m obnoven\u00ed p\u0159\u00edpojky\">Popt\u00e1v\u00e1m obnoven\u00ed p\u0159\u00edpojky<\/option><option value=\"Popt\u00e1v\u00e1m servis\">Popt\u00e1v\u00e1m servis<\/option><\/select><\/span> <\/label><\/p>\n<p><label> Jm\u00e9no<br \/>\n    <span class=\"wpcf7-form-control-wrap\" data-name=\"Zakaznik\"><input type=\"text\" name=\"Zakaznik\" value=\"\" size=\"40\" class=\"wpcf7-form-control wpcf7-text wpcf7-validates-as-required\" aria-required=\"true\" aria-invalid=\"false\" \/><\/span> <\/label><\/p>\n<p><label> Adresa<br \/>\n    <span class=\"wpcf7-form-control-wrap\" data-name=\"Adresa\"><input type=\"text\" name=\"Adresa\" value=\"\" size=\"40\" class=\"wpcf7-form-control wpcf7-text wpcf7-validates-as-required\" aria-required=\"true\" aria-invalid=\"false\" \/><\/span> <\/label><\/p>\n<p><label> Email<br \/>\n    <span class=\"wpcf7-form-control-wrap\" data-name=\"Email\"><input type=\"email\" name=\"Email\" value=\"\" size=\"40\" class=\"wpcf7-form-control wpcf7-text wpcf7-email wpcf7-validates-as-required wpcf7-validates-as-email\" aria-required=\"true\" aria-invalid=\"false\" \/><\/span> <\/label><\/p>\n<p><label> Telefon<br \/>\n    <span class=\"wpcf7-form-control-wrap\" data-name=\"Telefon\"><input type=\"tel\" name=\"Telefon\" value=\"\" size=\"40\" class=\"wpcf7-form-control wpcf7-text wpcf7-tel wpcf7-validates-as-required wpcf7-validates-as-tel\" aria-required=\"true\" aria-invalid=\"false\" \/><\/span> <\/label> <\/p>\n<p><label> Pozn\u00e1mky (optional)<br \/>\n    <span class=\"wpcf7-form-control-wrap\" data-name=\"notes\"><textarea name=\"notes\" cols=\"40\" rows=\"10\" class=\"wpcf7-form-control wpcf7-textarea\" aria-invalid=\"false\"><\/textarea><\/span> <\/label><\/p>\n<p><label> Jak jste se o n\u00e1s dozv\u011bd\u011bli<br \/>\n    <span class=\"wpcf7-form-control-wrap\" data-name=\"references\"><select name=\"references\" class=\"wpcf7-form-control wpcf7-select\" aria-invalid=\"false\"><option value=\"\">---<\/option><option value=\"Z tohoto webu\">Z tohoto webu<\/option><option value=\"Z jin\u00e9ho webu (pros\u00edm uve\u010fte)\">Z jin\u00e9ho webu (pros\u00edm uve\u010fte)<\/option><option value=\"Od na\u0161eho z\u00e1kazn\u00edka\">Od na\u0161eho z\u00e1kazn\u00edka<\/option><option value=\"Z let\u00e1ku v dom\u011b\">Z let\u00e1ku v dom\u011b<\/option><\/select><\/span> <\/label><\/p>\n<p><label> Se\u010dt\u011bte ochrana proti spamu<br \/>\n    <span class=\"wpcf7-form-control-wrap\" data-name=\"quiz-179\"><label><span class=\"wpcf7-quiz-label\">1+10<\/span> <input type=\"text\" name=\"quiz-179\" size=\"40\" class=\"wpcf7-form-control wpcf7-quiz\" autocomplete=\"off\" aria-required=\"true\" aria-invalid=\"false\" \/><\/label><input type=\"hidden\" name=\"_wpcf7_quiz_answer_quiz-179\" value=\"d3d3023daa81163b012f224d3fa68200\" \/><\/span> <\/label><\/p>\n<p><input type=\"submit\" value=\"Submit\" class=\"wpcf7-form-control has-spinner wpcf7-submit\" \/><\/p>\n<div class=\"wpcf7-response-output\" aria-hidden=\"true\"><\/div><\/form><\/div><\/div>\n<\/div>\n<\/div>\n\n\n<h3 style=\"text-align: center;\">Pokud V\u00e1m formul\u00e1\u0159 nevyhovuje, m\u016f\u017eete n\u00e1m zavolat nebo napsat na e-mail<\/h3>\n<p style=\"text-align: center;\">Mobil: +420 608 233 232<br>Pevn\u00e1 linka: +420 233 358 050<\/p>\n<p style=\"text-align: center;\">Objedn\u00e1vky:&nbsp;obchod (zavin\u00e1\u010d) spoje.net<br>Technick\u00e1 podpora:&nbsp;helpdesk (zavin\u00e1\u010d) spoje.net<br>Faktury:&nbsp;fakturace (zavin\u00e1\u010d) spoje.net<\/p>","protected":false},"excerpt":{"rendered":"<p>Kontaktujte n\u00e1s pomoc\u00ed formul\u00e1\u0159e Pokud ji\u017e v byt\u011b m\u00e1te z\u00e1suvku od SPOJE.NET, vyberte pros\u00edm &#8220;popt\u00e1v\u00e1m obnoven\u00ed p\u0159\u00edpojky&#8221; Pokud pot\u0159ebujete servis st\u00e1vaj\u00edc\u00ed p\u0159\u00edpojky nebo pomoc v oblasti IT, vyberte pros\u00edm &#8220;popt\u00e1v\u00e1m servis&#8221; a do pozn\u00e1mky uve\u010fte pros\u00edm \u010d\u00edslo Va\u0161i smlouvy. Pol\u00ed\u010dka Jm\u00e9no, Adresa, E-mail a Telefon jsou povinn\u00e9. Na z\u00e1v\u011br m\u016f\u017eete zvolit, od koho jste se [&hellip;]<\/p>\n","protected":false},"author":1,"featured_media":0,"parent":0,"menu_order":0,"comment_status":"closed","ping_status":"closed","template":"","meta":{"footnotes":""},"class_list":["post-296","page","type-page","status-publish","hentry","post"],"_links":{"self":[{"href":"https:\/\/brevnov.net\/index.php\/wp-json\/wp\/v2\/pages\/296","targetHints":{"allow":["GET"]}}],"collection":[{"href":"https:\/\/brevnov.net\/index.php\/wp-json\/wp\/v2\/pages"}],"about":[{"href":"https:\/\/brevnov.net\/index.php\/wp-json\/wp\/v2\/types\/page"}],"author":[{"embeddable":true,"href":"https:\/\/brevnov.net\/index.php\/wp-json\/wp\/v2\/users\/1"}],"replies":[{"embeddable":true,"href":"https:\/\/brevnov.net\/index.php\/wp-json\/wp\/v2\/comments?post=296"}],"version-history":[{"count":5,"href":"https:\/\/brevnov.net\/index.php\/wp-json\/wp\/v2\/pages\/296\/revisions"}],"predecessor-version":[{"id":371,"href":"https:\/\/brevnov.net\/index.php\/wp-json\/wp\/v2\/pages\/296\/revisions\/371"}],"wp:attachment":[{"href":"https:\/\/brevnov.net\/index.php\/wp-json\/wp\/v2\/media?parent=296"}],"curies":[{"name":"wp","href":"https:\/\/api.w.org\/{rel}","templated":true}]}}