{"id":277,"date":"2022-09-15T21:45:47","date_gmt":"2022-09-15T19:45:47","guid":{"rendered":"http:\/\/brevnov.hostx008.spoje.net\/?page_id=277"},"modified":"2024-08-30T17:11:42","modified_gmt":"2024-08-30T15:11:42","slug":"download","status":"publish","type":"page","link":"https:\/\/brevnov.net\/index.php\/download\/","title":{"rendered":"DOWNLOAD"},"content":{"rendered":"\n<h1 class=\"wp-block-heading has-text-align-center\">Ke sta\u017een\u00ed<\/h1>\n\n\n\n<h3 class=\"wp-block-heading\">V\u0161eobecn\u00e9 obchodn\u00ed podm\u00ednky<\/h3>\n\n\n\n<div data-wp-interactive=\"core\/file\" class=\"wp-block-file\"><object data-wp-bind--hidden=\"!state.hasPdfPreview\" hidden class=\"wp-block-file__embed\" data=\"https:\/\/brevnov.net\/wp-content\/uploads\/2024\/08\/vseobecne-obchodni-podminky.pdf\" type=\"application\/pdf\" style=\"width:100%;height:600px\" aria-label=\"Vlo\u017eit z vseobecne-obchodni-podminky.\"><\/object><a id=\"wp-block-file--media-842262cc-bac5-4201-981b-4e22dbc8df4a\" href=\"https:\/\/brevnov.net\/wp-content\/uploads\/2024\/08\/vseobecne-obchodni-podminky.pdf\">vseobecne-obchodni-podminky<\/a><a href=\"https:\/\/brevnov.net\/wp-content\/uploads\/2024\/08\/vseobecne-obchodni-podminky.pdf\" class=\"wp-block-file__button wp-element-button\" download aria-describedby=\"wp-block-file--media-842262cc-bac5-4201-981b-4e22dbc8df4a\">St\u00e1hnout<\/a><\/div>\n\n\n\n<h3 class=\"wp-block-heading\">Prohl\u00e1\u0161en\u00ed GDPR<\/h3>\n\n\n\n<div data-wp-interactive=\"core\/file\" class=\"wp-block-file\"><object data-wp-bind--hidden=\"!state.hasPdfPreview\" hidden class=\"wp-block-file__embed\" data=\"https:\/\/brevnov.net\/wp-content\/uploads\/2022\/09\/gdpr-prohlaseni.pdf\" type=\"application\/pdf\" style=\"width:100%;height:600px\" aria-label=\"Vlo\u017eit z gdpr-prohlaseni.\"><\/object><a id=\"wp-block-file--media-5ca06556-2eee-41ef-81d9-cb3f0d959178\" href=\"https:\/\/brevnov.net\/wp-content\/uploads\/2022\/09\/gdpr-prohlaseni.pdf\">gdpr-prohlaseni<\/a><a href=\"https:\/\/brevnov.net\/wp-content\/uploads\/2022\/09\/gdpr-prohlaseni.pdf\" class=\"wp-block-file__button wp-element-button\" download aria-describedby=\"wp-block-file--media-5ca06556-2eee-41ef-81d9-cb3f0d959178\">St\u00e1hnout<\/a><\/div>\n\n\n\n<h3 class=\"wp-block-heading\">Ozn\u00e1men\u00ed o typech pou\u017e\u00edvan\u00fdch rozhran\u00ed<\/h3>\n\n\n\n<div data-wp-interactive=\"core\/file\" class=\"wp-block-file\"><object data-wp-bind--hidden=\"!state.hasPdfPreview\" hidden class=\"wp-block-file__embed\" data=\"https:\/\/brevnov.net\/wp-content\/uploads\/2022\/09\/oznameni-typ-rozhrani.pdf\" type=\"application\/pdf\" style=\"width:100%;height:600px\" aria-label=\"Vlo\u017eit z oznameni-typ-rozhrani.\"><\/object><a id=\"wp-block-file--media-6ae6ee08-d896-4407-a50d-4522d5923577\" href=\"https:\/\/brevnov.net\/wp-content\/uploads\/2022\/09\/oznameni-typ-rozhrani.pdf\">oznameni-typ-rozhrani<\/a><a href=\"https:\/\/brevnov.net\/wp-content\/uploads\/2022\/09\/oznameni-typ-rozhrani.pdf\" class=\"wp-block-file__button wp-element-button\" download aria-describedby=\"wp-block-file--media-6ae6ee08-d896-4407-a50d-4522d5923577\">St\u00e1hnout<\/a><\/div>\n\n\n\n<h3 class=\"wp-block-heading\">Vzor SEK &#8211; Smlouva o z\u0159\u00edzen\u00ed s\u00edt\u00ed elektronick\u00fdch komunikac\u00ed<\/h3>\n\n\n\n<div data-wp-interactive=\"core\/file\" class=\"wp-block-file\"><object data-wp-bind--hidden=\"!state.hasPdfPreview\" hidden class=\"wp-block-file__embed\" data=\"https:\/\/brevnov.net\/wp-content\/uploads\/2022\/09\/SEK-vzor.pdf\" type=\"application\/pdf\" style=\"width:100%;height:600px\" aria-label=\"Vlo\u017eit z SEK-vzor.\"><\/object><a id=\"wp-block-file--media-1d818f12-e719-429d-80c7-0f70ed95f8bd\" href=\"https:\/\/brevnov.net\/wp-content\/uploads\/2022\/09\/SEK-vzor.pdf\">SEK-vzor<\/a><a href=\"https:\/\/brevnov.net\/wp-content\/uploads\/2022\/09\/SEK-vzor.pdf\" class=\"wp-block-file__button wp-element-button\" download aria-describedby=\"wp-block-file--media-1d818f12-e719-429d-80c7-0f70ed95f8bd\">St\u00e1hnout<\/a><\/div>\n\n\n\n<h3 class=\"wp-block-heading\">Vzor smlouvy pro koncov\u00e9ho z\u00e1kazn\u00edka &#8211; Smlouva o p\u0159\u00edpojen\u00ed k internetu pro dom\u00e1cnost<\/h3>\n\n\n\n<div data-wp-interactive=\"core\/file\" class=\"wp-block-file\"><object data-wp-bind--hidden=\"!state.hasPdfPreview\" hidden class=\"wp-block-file__embed\" data=\"https:\/\/brevnov.net\/wp-content\/uploads\/2024\/08\/vzor_smlouvy.pdf\" type=\"application\/pdf\" style=\"width:100%;height:600px\" aria-label=\"Vlo\u017eit z vzor_smlouvy.\"><\/object><a id=\"wp-block-file--media-2b898fe1-76ea-4265-b636-1c03ef58ecd4\" href=\"https:\/\/brevnov.net\/wp-content\/uploads\/2024\/08\/vzor_smlouvy.pdf\">vzor_smlouvy<\/a><a href=\"https:\/\/brevnov.net\/wp-content\/uploads\/2024\/08\/vzor_smlouvy.pdf\" class=\"wp-block-file__button wp-element-button\" download aria-describedby=\"wp-block-file--media-2b898fe1-76ea-4265-b636-1c03ef58ecd4\">St\u00e1hnout<\/a><\/div>\n\n\n\n<h3 class=\"wp-block-heading\">Vzor smlouvy pro firmu &#8211; Smlouva o p\u0159\u00edpojen\u00ed k internetu pro firmu<\/h3>\n\n\n\n<div data-wp-interactive=\"core\/file\" class=\"wp-block-file\"><object data-wp-bind--hidden=\"!state.hasPdfPreview\" hidden class=\"wp-block-file__embed\" data=\"https:\/\/brevnov.net\/wp-content\/uploads\/2024\/08\/vzor_smlouvy_firma.pdf\" type=\"application\/pdf\" style=\"width:100%;height:600px\" aria-label=\"Vlo\u017eit z vzor_smlouvy_firma.\"><\/object><a id=\"wp-block-file--media-9a63c95e-08e1-44b8-95e5-fcd4bde07fa4\" href=\"https:\/\/brevnov.net\/wp-content\/uploads\/2024\/08\/vzor_smlouvy_firma.pdf\">vzor_smlouvy_firma<\/a><a href=\"https:\/\/brevnov.net\/wp-content\/uploads\/2024\/08\/vzor_smlouvy_firma.pdf\" class=\"wp-block-file__button wp-element-button\" download aria-describedby=\"wp-block-file--media-9a63c95e-08e1-44b8-95e5-fcd4bde07fa4\">St\u00e1hnout<\/a><\/div>\n\n\n\n<h3 class=\"wp-block-heading\">Vzor shrnut\u00ed smlouvy<\/h3>\n\n\n\n<div data-wp-interactive=\"core\/file\" class=\"wp-block-file\"><object data-wp-bind--hidden=\"!state.hasPdfPreview\" hidden class=\"wp-block-file__embed\" data=\"https:\/\/brevnov.net\/wp-content\/uploads\/2024\/08\/vzor_shrnuti_smlouvy.pdf\" type=\"application\/pdf\" style=\"width:100%;height:600px\" aria-label=\"Vlo\u017eit z vzor_shrnuti_smlouvy.\"><\/object><a id=\"wp-block-file--media-0004c13e-6b4f-441e-9100-1c31fefa4a88\" href=\"https:\/\/brevnov.net\/wp-content\/uploads\/2024\/08\/vzor_shrnuti_smlouvy.pdf\">vzor_shrnuti_smlouvy<\/a><a href=\"https:\/\/brevnov.net\/wp-content\/uploads\/2024\/08\/vzor_shrnuti_smlouvy.pdf\" class=\"wp-block-file__button wp-element-button\" download aria-describedby=\"wp-block-file--media-0004c13e-6b4f-441e-9100-1c31fefa4a88\">St\u00e1hnout<\/a><\/div>\n\n\n\n<h3 class=\"wp-block-heading\">Informace o zm\u011bn\u011b poskytovatele a p\u0159enosu telefonn\u00edho \u010d\u00edsla<\/h3>\n\n\n\n<div data-wp-interactive=\"core\/file\" class=\"wp-block-file\"><object data-wp-bind--hidden=\"!state.hasPdfPreview\" hidden class=\"wp-block-file__embed\" data=\"https:\/\/brevnov.net\/wp-content\/uploads\/2024\/08\/informace-o-zmene-poskytovatele.pdf\" type=\"application\/pdf\" style=\"width:100%;height:600px\" aria-label=\"Vlo\u017eit z informace-o-zmene-poskytovatele.\"><\/object><a id=\"wp-block-file--media-4c31da91-f9bf-4faf-9013-ff06f9d1a92b\" href=\"https:\/\/brevnov.net\/wp-content\/uploads\/2024\/08\/informace-o-zmene-poskytovatele.pdf\">informace-o-zmene-poskytovatele<\/a><a href=\"https:\/\/brevnov.net\/wp-content\/uploads\/2024\/08\/informace-o-zmene-poskytovatele.pdf\" class=\"wp-block-file__button wp-element-button\" download aria-describedby=\"wp-block-file--media-4c31da91-f9bf-4faf-9013-ff06f9d1a92b\">St\u00e1hnout<\/a><\/div>\n\n\n\n<h3 class=\"wp-block-heading\">Let\u00e1ky<\/h3>\n\n\n\n<div data-wp-interactive=\"core\/file\" class=\"wp-block-file\"><object data-wp-bind--hidden=\"!state.hasPdfPreview\" hidden class=\"wp-block-file__embed\" data=\"https:\/\/brevnov.net\/wp-content\/uploads\/2022\/09\/samolepka_FTTH_v02_NAHLED_RGB.pdf\" type=\"application\/pdf\" style=\"width:100%;height:600px\" aria-label=\"Vlo\u017eit z samolepka_FTTH_v02_NAHLED_RGB.\"><\/object><a id=\"wp-block-file--media-b52a4abf-2588-4ca1-ba22-807617838f0f\" href=\"https:\/\/brevnov.net\/wp-content\/uploads\/2022\/09\/samolepka_FTTH_v02_NAHLED_RGB.pdf\">samolepka_FTTH_v02_NAHLED_RGB<\/a><a href=\"https:\/\/brevnov.net\/wp-content\/uploads\/2022\/09\/samolepka_FTTH_v02_NAHLED_RGB.pdf\" class=\"wp-block-file__button wp-element-button\" download aria-describedby=\"wp-block-file--media-b52a4abf-2588-4ca1-ba22-807617838f0f\">St\u00e1hnout<\/a><\/div>\n","protected":false},"excerpt":{"rendered":"<p>Ke sta\u017een\u00ed V\u0161eobecn\u00e9 obchodn\u00ed podm\u00ednky Prohl\u00e1\u0161en\u00ed GDPR Ozn\u00e1men\u00ed o typech pou\u017e\u00edvan\u00fdch rozhran\u00ed Vzor SEK &#8211; Smlouva o z\u0159\u00edzen\u00ed s\u00edt\u00ed elektronick\u00fdch komunikac\u00ed Vzor smlouvy pro koncov\u00e9ho z\u00e1kazn\u00edka &#8211; Smlouva o p\u0159\u00edpojen\u00ed k internetu pro dom\u00e1cnost Vzor smlouvy pro firmu &#8211; Smlouva o p\u0159\u00edpojen\u00ed k internetu pro firmu Vzor shrnut\u00ed smlouvy Informace o zm\u011bn\u011b poskytovatele a p\u0159enosu [&hellip;]<\/p>\n","protected":false},"author":1,"featured_media":0,"parent":0,"menu_order":0,"comment_status":"closed","ping_status":"closed","template":"","meta":{"footnotes":""},"class_list":["post-277","page","type-page","status-publish","hentry","post"],"_links":{"self":[{"href":"https:\/\/brevnov.net\/index.php\/wp-json\/wp\/v2\/pages\/277","targetHints":{"allow":["GET"]}}],"collection":[{"href":"https:\/\/brevnov.net\/index.php\/wp-json\/wp\/v2\/pages"}],"about":[{"href":"https:\/\/brevnov.net\/index.php\/wp-json\/wp\/v2\/types\/page"}],"author":[{"embeddable":true,"href":"https:\/\/brevnov.net\/index.php\/wp-json\/wp\/v2\/users\/1"}],"replies":[{"embeddable":true,"href":"https:\/\/brevnov.net\/index.php\/wp-json\/wp\/v2\/comments?post=277"}],"version-history":[{"count":8,"href":"https:\/\/brevnov.net\/index.php\/wp-json\/wp\/v2\/pages\/277\/revisions"}],"predecessor-version":[{"id":388,"href":"https:\/\/brevnov.net\/index.php\/wp-json\/wp\/v2\/pages\/277\/revisions\/388"}],"wp:attachment":[{"href":"https:\/\/brevnov.net\/index.php\/wp-json\/wp\/v2\/media?parent=277"}],"curies":[{"name":"wp","href":"https:\/\/api.w.org\/{rel}","templated":true}]}}