{"id":192,"date":"2022-09-14T15:43:17","date_gmt":"2022-09-14T13:43:17","guid":{"rendered":"http:\/\/brevnov.hostx008.spoje.net\/?page_id=192"},"modified":"2022-09-16T21:51:06","modified_gmt":"2022-09-16T19:51:06","slug":"pro-firmy","status":"publish","type":"page","link":"https:\/\/brevnov.net\/index.php\/pro-firmy\/","title":{"rendered":"PRO FIRMY"},"content":{"rendered":"\n<h1 class=\"has-text-align-center wp-block-heading\">P\u0159ipojen\u00ed na optickou s\u00ed\u0165 BREVNOV.NET pro firemn\u00ed klienty<\/h1>\n\n\n\n<p>Pro \u017eivnostn\u00edky a dal\u0161\u00ed firemn\u00ed klienty nab\u00edz\u00edme speci\u00e1ln\u00ed tarify s vy\u0161\u0161\u00ed garanc\u00ed a servisem do 1 pracovn\u00edho dne.<\/p>\n\n\n\n<div class=\"wp-block-columns is-layout-flex wp-container-core-columns-is-layout-9d6595d7 wp-block-columns-is-layout-flex\">\n<div class=\"wp-block-column is-layout-flow wp-block-column-is-layout-flow\" style=\"flex-basis:66.66%\">\n<ul>\n<li><span style=\"font-family: blogger;\">garance servisu do jednoho pracovn\u00edho dne<\/span><\/li>\n<li>ve\u0159ejn\u00e1 IPv4 adresa v cen\u011b tarifu<\/li>\n<li>symetricky a bez limitu dat<\/li>\n<li>mo\u017enost individu\u00e1ln\u00edch tarif\u016f<\/li>\n<li>mo\u017enost dokoupen\u00ed r\u016fzn\u00fdch SLA<\/li>\n<\/ul>\n<\/div>\n\n\n\n<div class=\"wp-block-column is-layout-flow wp-block-column-is-layout-flow\" style=\"flex-basis:33.33%\">\n<figure class=\"wp-block-image size-large is-resized\"><img loading=\"lazy\" decoding=\"async\" src=\"http:\/\/brevnov.hostx008.spoje.net\/wp-content\/uploads\/2022\/09\/budik-firma-1024x1012.png\" alt=\"\" class=\"wp-image-205\" width=\"210\" height=\"208\" srcset=\"https:\/\/brevnov.net\/wp-content\/uploads\/2022\/09\/budik-firma-1024x1012.png 1024w, https:\/\/brevnov.net\/wp-content\/uploads\/2022\/09\/budik-firma-300x297.png 300w, https:\/\/brevnov.net\/wp-content\/uploads\/2022\/09\/budik-firma-150x150.png 150w, https:\/\/brevnov.net\/wp-content\/uploads\/2022\/09\/budik-firma-768x759.png 768w, https:\/\/brevnov.net\/wp-content\/uploads\/2022\/09\/budik-firma-1536x1519.png 1536w, https:\/\/brevnov.net\/wp-content\/uploads\/2022\/09\/budik-firma-2048x2025.png 2048w\" sizes=\"auto, (max-width: 210px) 100vw, 210px\" \/><\/figure>\n<\/div>\n<\/div>\n\n\n\n<div class=\"wptb-table-container wptb-table-310\"><div class=\"wptb-table-container-matrix\" id=\"wptb-table-id-310\" data-wptb-version=\"1.4.3\" data-wptb-pro-status=\"false\"><table class=\"wptb-preview-table wptb-element-main-table_setting-247\" data-reconstraction=\"1\" style=\"border: 1px solid rgb(0, 0, 0);\" data-wptb-table-tds-sum-max-width=\"590\" data-wptb-cells-width-auto-count=\"6\" data-wptb-horizontal-scroll-status=\"false\" data-wptb-extra-styles=\"LyogRW50ZXIgeW91ciBjdXN0b20gQ1NTIHJ1bGVzIGhlcmUgKi8=\" role=\"table\" data-wptb-table-alignment=\"center\" data-table-columns=\"6\" data-wptb-responsive-directives=\"eyJyZXNwb25zaXZlRW5hYmxlZCI6dHJ1ZSwicmVzcG9uc2l2ZU1vZGUiOiJhdXRvIiwicHJlc2VydmVSb3dDb2xvciI6ZmFsc2UsInJlbGF0aXZlV2lkdGgiOiJjb250YWluZXIiLCJoZWFkZXJGdWxseU1lcmdlZCI6ZmFsc2UsIm1vZGVPcHRpb25zIjp7ImF1dG8iOnsiZGlzYWJsZWQiOnsiZGVza3RvcCI6ZmFsc2UsInRhYmxldCI6ZmFsc2UsIm1vYmlsZSI6ZmFsc2V9LCJ0b3BSb3dBc0hlYWRlciI6eyJkZXNrdG9wIjpmYWxzZSwidGFibGV0Ijp0cnVlLCJtb2JpbGUiOnRydWV9LCJyZXBlYXRNZXJnZWRIZWFkZXIiOnsiZGVza3RvcCI6dHJ1ZSwidGFibGV0Ijp0cnVlLCJtb2JpbGUiOnRydWV9LCJzdGF0aWNUb3BSb3ciOnsiZGVza3RvcCI6ZmFsc2UsInRhYmxldCI6ZmFsc2UsIm1vYmlsZSI6ZmFsc2V9LCJjZWxsU3RhY2tEaXJlY3Rpb24iOnsiZGVza3RvcCI6InJvdyIsInRhYmxldCI6InJvdyIsIm1vYmlsZSI6InJvdyJ9LCJjZWxsc1BlclJvdyI6eyJkZXNrdG9wIjoxLCJ0YWJsZXQiOjEsIm1vYmlsZSI6MX19fSwiYnJlYWtwb2ludHMiOnsiZGVza3RvcCI6eyJuYW1lIjoiZGVza3RvcCIsIndpZHRoIjoxMDI0fSwidGFibGV0Ijp7Im5hbWUiOiJ0YWJsZXQiLCJ3aWR0aCI6NzAwfSwibW9iaWxlIjp7Im5hbWUiOiJtb2JpbGUiLCJ3aWR0aCI6MzAwfX19\" data-wptb-adaptive-table=\"0\" data-wptb-td-width-auto=\"96\"><tbody><tr class=\"wptb-row\"><td class=\"wptb-cell\" data-y-index=\"0\" data-x-index=\"0\" style=\"border: 2px solid rgb(0, 0, 0); padding: 0px;\" data-wptb-css-td-auto-width=\"true\" data-sorted-vertical=\"ask-disabled\" data-sorted-horizontal=\"ask-disabled\"><div class=\"wptb-text-container wptb-ph-element wptb-element-text-52\" style=\"color: rgb(74, 85, 104); font-size: 20px;\"><div class=\"\" style=\"position: relative;\"><p style=\"text-align: center;\"><strong>Tarif&#65279;<\/strong><\/p><p style=\"text-align: center;\"><\/p><\/div><\/div><\/td><td class=\"wptb-cell\" data-y-index=\"0\" data-x-index=\"1\" style=\"border: 2px solid rgb(0, 0, 0); padding: 0px;\" data-wptb-css-td-auto-width=\"true\" data-sorted-vertical=\"ask-disabled\"><div class=\"wptb-text-container wptb-ph-element wptb-element-text-53\" style=\"color: rgb(74, 85, 104); font-size: 20px;\"><div class=\"\" style=\"position: relative;\"><p style=\"text-align: center;\" class=\"\"><strong>Rychlost<\/strong><\/p><\/div><\/div><\/td><td class=\"wptb-cell\" data-y-index=\"0\" data-x-index=\"2\" style=\"border: 2px solid rgb(0, 0, 0); padding: 0px;\" data-wptb-css-td-auto-width=\"true\" data-sorted-vertical=\"ask-disabled\"><div class=\"wptb-text-container wptb-ph-element wptb-element-text-54\" style=\"color: rgb(74, 85, 104); font-size: 20px;\"><div class=\"\" style=\"position: relative;\"><p style=\"text-align: center;\" class=\"\"><strong>Cena bez DPH \/ m&#283;s&iacute;c<\/strong><\/p><\/div><\/div><\/td><td class=\"wptb-cell\" data-y-index=\"0\" data-x-index=\"3\" style=\"border: 2px solid rgb(0, 0, 0); padding: 0px;\" data-wptb-css-td-auto-width=\"true\" data-sorted-vertical=\"ask-disabled\"><div class=\"wptb-text-container wptb-ph-element wptb-element-text-55\" style=\"color: rgb(74, 85, 104); font-size: 20px;\"><div class=\"\" style=\"position: relative;\"><p style=\"text-align: center;\" class=\"\"><strong>IPTV<\/strong><\/p><\/div><\/div><\/td><td class=\"wptb-cell\" data-y-index=\"0\" data-x-index=\"4\" style=\"border: 2px solid rgb(0, 0, 0); padding: 0px;\" data-wptb-css-td-auto-width=\"true\" data-sorted-vertical=\"ask-disabled\"><div class=\"wptb-text-container wptb-ph-element wptb-element-text-56\" style=\"color: rgb(74, 85, 104); font-size: 20px;\"><div class=\"\" style=\"position: relative;\"><p style=\"text-align: center;\" class=\"\"><strong>Ve&#345;ejn&aacute; IPv4<\/strong><\/p><\/div><\/div><\/td><td class=\"wptb-cell\" data-y-index=\"0\" data-x-index=\"5\" style=\"border: 2px solid rgb(0, 0, 0); padding: 0px;\" data-wptb-css-td-auto-width=\"true\" data-sorted-vertical=\"ask-disabled\"><div class=\"wptb-text-container wptb-ph-element wptb-element-text-57\" style=\"color: rgb(74, 85, 104); font-size: 20px;\"><div class=\"\" style=\"position: relative;\"><p style=\"text-align: center;\"><strong>IPv6<\/strong><\/p><\/div><\/div><\/td><\/tr><tr class=\"wptb-row\"><td class=\"wptb-cell\" data-y-index=\"1\" data-x-index=\"0\" style=\"border: 2px solid rgb(0, 0, 0); padding: 0px;\" data-wptb-css-td-auto-width=\"true\" data-sorted-horizontal=\"ask-disabled\"><div class=\"wptb-image-container wptb-ph-element wptb-element-image-1\" data-wptb-image-alignment=\"center\"><div class=\"wptb-image-wrapper\">            <a style=\"display: block; width: 50%;\" class=\"\">                                <img loading=\"lazy\" decoding=\"async\" class=\"wptb-image-element-target\" height=\"661\" width=\"661\" src=\"\/\/brevnov.net\/wp-content\/uploads\/2022\/09\/bronze.png\" style=\"width: 100%;\">            <\/a>        <\/div><\/div><\/td><td class=\"wptb-cell\" data-y-index=\"1\" data-x-index=\"1\" style=\"border: 2px solid rgb(0, 0, 0); padding: 0px;\" data-wptb-css-td-auto-width=\"true\"><div class=\"wptb-text-container wptb-ph-element wptb-element-text-59\" style=\"color: rgb(74, 85, 104); font-size: 25px;\"><div class=\"\" style=\"position: relative;\"><p style=\"text-align: center;\">50<\/p><p style=\"text-align: center;\">Mb\/s<\/p><\/div><\/div><\/td><td class=\"wptb-cell\" data-y-index=\"1\" data-x-index=\"2\" style=\"border: 2px solid rgb(0, 0, 0); padding: 0px;\" data-wptb-css-td-auto-width=\"true\"><div class=\"wptb-text-container wptb-ph-element wptb-element-text-60\" style=\"color: rgb(74, 85, 104); font-size: 25px;\"><div class=\"\" style=\"position: relative;\"><p style=\"text-align: center;\">500<\/p><p style=\"text-align: center;\">K&#269;<\/p><\/div><\/div><\/td><td class=\"wptb-cell\" data-y-index=\"1\" data-x-index=\"3\" style=\"border: 2px solid rgb(0, 0, 0); padding: 0px;\" data-wptb-css-td-auto-width=\"true\"><div class=\"wptb-text-container wptb-ph-element wptb-element-text-61\" style=\"color: rgb(74, 85, 104); font-size: 25px;\"><div class=\"\" style=\"position: relative;\"><p style=\"text-align: center;\">ne<\/p><\/div><\/div><\/td><td class=\"wptb-cell\" data-y-index=\"1\" data-x-index=\"4\" style=\"border: 2px solid rgb(0, 0, 0); padding: 0px;\" data-wptb-css-td-auto-width=\"true\"><div class=\"wptb-text-container wptb-ph-element wptb-element-text-62\" style=\"color: rgb(74, 85, 104); font-size: 25px;\"><div class=\"\" style=\"position: relative;\"><p style=\"text-align: center;\">ano<\/p><\/div><\/div><\/td><td class=\"wptb-cell\" data-y-index=\"1\" data-x-index=\"5\" style=\"border: 2px solid rgb(0, 0, 0); padding: 0px;\" data-wptb-css-td-auto-width=\"true\"><div class=\"wptb-text-container wptb-ph-element wptb-element-text-63\" style=\"color: rgb(74, 85, 104); font-size: 25px;\"><div class=\"\" style=\"position: relative;\"><p style=\"text-align: center;\">ano<\/p><\/div><\/div><\/td><\/tr><tr class=\"wptb-row\"><td class=\"wptb-cell\" data-y-index=\"2\" data-x-index=\"0\" style=\"border: 2px solid rgb(0, 0, 0); padding: 0px;\" data-wptb-css-td-auto-width=\"true\" data-sorted-horizontal=\"ask-disabled\"><div class=\"wptb-image-container wptb-ph-element wptb-element-image-2\" data-wptb-image-alignment=\"center\"><div class=\"wptb-image-wrapper\">            <a style=\"display: block; width: 50%;\" class=\"\">                                <img loading=\"lazy\" decoding=\"async\" class=\"wptb-image-element-target\" height=\"661\" width=\"661\" src=\"\/\/brevnov.net\/wp-content\/uploads\/2022\/09\/silver.png\" style=\"width: 100%;\">            <\/a>        <\/div><\/div><\/td><td class=\"wptb-cell\" data-y-index=\"2\" data-x-index=\"1\" style=\"border: 2px solid rgb(0, 0, 0); padding: 0px;\" data-wptb-css-td-auto-width=\"true\"><div class=\"wptb-text-container wptb-ph-element wptb-element-text-65\" style=\"color: rgb(74, 85, 104); font-size: 25px;\"><div class=\"\" style=\"position: relative;\"><p style=\"text-align: center;\">100<\/p><p style=\"text-align: center;\">Mb\/s&nbsp;<\/p><\/div><\/div><\/td><td class=\"wptb-cell\" data-y-index=\"2\" data-x-index=\"2\" style=\"border: 2px solid rgb(0, 0, 0); padding: 0px;\" data-wptb-css-td-auto-width=\"true\"><div class=\"wptb-text-container wptb-ph-element wptb-element-text-66\" style=\"color: rgb(74, 85, 104); font-size: 25px;\"><div class=\"\" style=\"position: relative;\"><p style=\"text-align: center;\">800<\/p><p style=\"text-align: center;\">K&#269;<\/p><\/div><\/div><\/td><td class=\"wptb-cell\" data-y-index=\"2\" data-x-index=\"3\" style=\"border: 2px solid rgb(0, 0, 0); padding: 0px;\" data-wptb-css-td-auto-width=\"true\"><div class=\"wptb-text-container wptb-ph-element wptb-element-text-67\" style=\"color: rgb(74, 85, 104); font-size: 25px;\"><div class=\"\" style=\"position: relative;\"><p style=\"text-align: center;\">ne<\/p><\/div><\/div><\/td><td class=\"wptb-cell\" data-y-index=\"2\" data-x-index=\"4\" style=\"border: 2px solid rgb(0, 0, 0); padding: 0px;\" data-wptb-css-td-auto-width=\"true\"><div class=\"wptb-text-container wptb-ph-element wptb-element-text-68\" style=\"color: rgb(74, 85, 104); font-size: 25px;\"><div class=\"\" style=\"position: relative;\"><p style=\"text-align: center;\">ano<\/p><\/div><\/div><\/td><td class=\"wptb-cell\" data-y-index=\"2\" data-x-index=\"5\" style=\"border: 2px solid rgb(0, 0, 0); padding: 0px;\" data-wptb-css-td-auto-width=\"true\"><div class=\"wptb-text-container wptb-ph-element wptb-element-text-69\" style=\"color: rgb(74, 85, 104); font-size: 25px;\"><div class=\"\" style=\"position: relative;\"><p style=\"text-align: center;\">ano<\/p><\/div><\/div><\/td><\/tr><tr class=\"wptb-row\"><td class=\"wptb-cell\" data-y-index=\"3\" data-x-index=\"0\" style=\"border: 2px solid rgb(0, 0, 0); padding: 0px;\" data-wptb-css-td-auto-width=\"true\" data-sorted-horizontal=\"ask-disabled\"><div class=\"wptb-image-container wptb-ph-element wptb-element-image-4\" data-wptb-image-alignment=\"center\"><div class=\"wptb-image-wrapper\">            <a style=\"display: block; width: 50%;\" class=\"\">                                <img loading=\"lazy\" decoding=\"async\" class=\"wptb-image-element-target\" height=\"661\" width=\"661\" src=\"\/\/brevnov.net\/wp-content\/uploads\/2022\/09\/gold.png\" style=\"width: 100%;\">            <\/a>        <\/div><\/div><\/td><td class=\"wptb-cell\" data-y-index=\"3\" data-x-index=\"1\" style=\"border: 2px solid rgb(0, 0, 0); padding: 0px;\" data-wptb-css-td-auto-width=\"true\"><div class=\"wptb-text-container wptb-ph-element wptb-element-text-71\" style=\"color: rgb(74, 85, 104); font-size: 25px;\"><div class=\"\" style=\"position: relative;\"><p style=\"text-align: center;\">200<\/p><p style=\"text-align: center;\">Mb\/s<\/p><\/div><\/div><\/td><td class=\"wptb-cell\" data-y-index=\"3\" data-x-index=\"2\" style=\"border: 2px solid rgb(0, 0, 0); padding: 0px;\" data-wptb-css-td-auto-width=\"true\"><div class=\"wptb-text-container wptb-ph-element wptb-element-text-72\" style=\"color: rgb(74, 85, 104); font-size: 25px;\"><div class=\"\" style=\"position: relative;\"><p style=\"text-align: center;\">1 200<\/p><p style=\"text-align: center;\">K&#269;<\/p><\/div><\/div><\/td><td class=\"wptb-cell\" data-y-index=\"3\" data-x-index=\"3\" style=\"border: 2px solid rgb(0, 0, 0); padding: 0px;\" data-wptb-css-td-auto-width=\"true\"><div class=\"wptb-text-container wptb-ph-element wptb-element-text-73\" style=\"color: rgb(74, 85, 104); font-size: 25px;\"><div class=\"\" style=\"position: relative;\"><p style=\"text-align: center;\">ne<\/p><\/div><\/div><\/td><td class=\"wptb-cell\" data-y-index=\"3\" data-x-index=\"4\" style=\"border: 2px solid rgb(0, 0, 0); padding: 0px;\" data-wptb-css-td-auto-width=\"true\"><div class=\"wptb-text-container wptb-ph-element wptb-element-text-74\" style=\"color: rgb(74, 85, 104); font-size: 25px;\"><div class=\"\" style=\"position: relative;\"><p style=\"text-align: center;\">ano<\/p><\/div><\/div><\/td><td class=\"wptb-cell\" data-y-index=\"3\" data-x-index=\"5\" style=\"border: 2px solid rgb(0, 0, 0); padding: 0px;\" data-wptb-css-td-auto-width=\"true\"><div class=\"wptb-text-container wptb-ph-element wptb-element-text-75\" style=\"color: rgb(74, 85, 104); font-size: 25px;\"><div class=\"\" style=\"position: relative;\"><p style=\"text-align: center;\">ano<\/p><\/div><\/div><\/td><\/tr><tr class=\"wptb-row\"><td class=\"wptb-cell\" data-y-index=\"4\" data-x-index=\"0\" style=\"border: 2px solid rgb(0, 0, 0); padding: 0px;\" data-wptb-css-td-auto-width=\"true\" data-sorted-horizontal=\"ask-disabled\"><div class=\"wptb-image-container wptb-ph-element wptb-element-image-5\" data-wptb-image-alignment=\"center\"><div class=\"wptb-image-wrapper\">            <a style=\"display: block; width: 50%;\" class=\"\">                                <img loading=\"lazy\" decoding=\"async\" class=\"wptb-image-element-target\" height=\"661\" width=\"661\" src=\"\/\/brevnov.net\/wp-content\/uploads\/2022\/09\/platinum.png\" style=\"width: 100%;\">            <\/a>        <\/div><\/div><\/td><td class=\"wptb-cell\" data-y-index=\"4\" data-x-index=\"1\" style=\"border: 2px solid rgb(0, 0, 0); padding: 0px;\" data-wptb-css-td-auto-width=\"true\"><div class=\"wptb-text-container wptb-ph-element wptb-element-text-77\" style=\"color: rgb(74, 85, 104); font-size: 25px;\"><div class=\"\" style=\"position: relative;\"><p style=\"text-align: center;\">500<\/p><p style=\"text-align: center;\">Mb\/s<\/p><\/div><\/div><\/td><td class=\"wptb-cell\" data-y-index=\"4\" data-x-index=\"2\" style=\"border: 2px solid rgb(0, 0, 0); padding: 0px;\" data-wptb-css-td-auto-width=\"true\"><div class=\"wptb-text-container wptb-ph-element wptb-element-text-78\" style=\"color: rgb(74, 85, 104); font-size: 25px;\"><div class=\"\" style=\"position: relative;\"><p style=\"text-align: center;\">2 000<\/p><p style=\"text-align: center;\">K&#269;<\/p><\/div><\/div><\/td><td class=\"wptb-cell\" data-y-index=\"4\" data-x-index=\"3\" style=\"border: 2px solid rgb(0, 0, 0); padding: 0px;\" data-wptb-css-td-auto-width=\"true\"><div class=\"wptb-text-container wptb-ph-element wptb-element-text-79\" style=\"color: rgb(74, 85, 104); font-size: 25px;\"><div class=\"\" style=\"position: relative;\"><p style=\"text-align: center;\">ne<\/p><\/div><\/div><\/td><td class=\"wptb-cell\" data-y-index=\"4\" data-x-index=\"4\" style=\"border: 2px solid rgb(0, 0, 0); padding: 0px;\" data-wptb-css-td-auto-width=\"true\"><div class=\"wptb-text-container wptb-ph-element wptb-element-text-80\" style=\"color: rgb(74, 85, 104); font-size: 25px;\"><div class=\"\" style=\"position: relative;\"><p style=\"text-align: center;\">ano<\/p><\/div><\/div><\/td><td class=\"wptb-cell\" data-y-index=\"4\" data-x-index=\"5\" style=\"border: 2px solid rgb(0, 0, 0); padding: 0px;\" data-wptb-css-td-auto-width=\"true\"><div class=\"wptb-text-container wptb-ph-element wptb-element-text-81\" style=\"color: rgb(74, 85, 104); font-size: 25px;\"><div class=\"\" style=\"position: relative;\"><p style=\"text-align: center;\">ano<\/p><\/div><\/div><\/td><\/tr><tr class=\"wptb-row\"><td class=\"wptb-cell\" style=\"border: 2px solid rgb(0, 0, 0); padding: 0px;\" data-x-index=\"0\" data-y-index=\"5\" data-wptb-css-td-auto-width=\"true\" data-sorted-horizontal=\"ask-disabled\"><div class=\"wptb-image-container wptb-ph-element wptb-element-image-7 edit-active\" data-wptb-image-alignment=\"center\"><div class=\"wptb-image-wrapper\">            <a style=\"display: block; width: 50%;\">                                <img loading=\"lazy\" decoding=\"async\" class=\"wptb-image-element-target\" height=\"468\" width=\"468\" src=\"\/\/brevnov.net\/wp-content\/uploads\/2022\/09\/extra.png\" style=\"width: 100%;\">            <\/a>        <\/div><\/div><\/td><td class=\"wptb-cell\" style=\"border: 2px solid rgb(0, 0, 0); padding: 0px;\" data-x-index=\"1\" data-y-index=\"5\" data-wptb-css-td-auto-width=\"true\"><div class=\"wptb-text-container wptb-ph-element wptb-element-text-98\" style=\"color: rgb(74, 85, 104); font-size: 25px;\"><div class=\"\" style=\"position: relative;\"><p style=\"text-align: center;\">voliteln&aacute;<\/p><\/div><\/div><\/td><td class=\"wptb-cell\" style=\"border: 2px solid rgb(0, 0, 0); padding: 0px;\" data-x-index=\"2\" data-y-index=\"5\" data-wptb-css-td-auto-width=\"true\"><div class=\"wptb-text-container wptb-ph-element wptb-element-text-100\" style=\"color: rgb(74, 85, 104); font-size: 25px;\"><div class=\"\" style=\"position: relative;\"><p style=\"text-align: center;\">projekt<\/p><\/div><\/div><\/td><td class=\"wptb-cell\" style=\"border: 2px solid rgb(0, 0, 0); padding: 0px;\" data-x-index=\"3\" data-y-index=\"5\" data-wptb-css-td-auto-width=\"true\"><div class=\"wptb-text-container wptb-ph-element wptb-element-text-101\" style=\"color: rgb(74, 85, 104); font-size: 25px;\"><div class=\"\" style=\"position: relative;\"><p style=\"text-align: center;\">ne<\/p><\/div><\/div><\/td><td class=\"wptb-cell\" style=\"border: 2px solid rgb(0, 0, 0); padding: 0px;\" data-x-index=\"4\" data-y-index=\"5\" data-wptb-css-td-auto-width=\"true\"><div class=\"wptb-text-container wptb-ph-element wptb-element-text-102\" style=\"color: rgb(74, 85, 104); font-size: 25px;\"><div class=\"\" style=\"position: relative;\"><p style=\"text-align: center;\">ano<\/p><\/div><\/div><\/td><td class=\"wptb-cell\" style=\"border: 2px solid rgb(0, 0, 0); padding: 0px;\" data-x-index=\"5\" data-y-index=\"5\" data-wptb-css-td-auto-width=\"true\"><div class=\"wptb-text-container wptb-ph-element wptb-element-text-103\" style=\"color: rgb(74, 85, 104); font-size: 25px;\"><div class=\"\" style=\"position: relative;\"><p style=\"text-align: center;\">ano<\/p><\/div><\/div><\/td><\/tr><\/tbody><\/table><\/div><\/div>\n\n\n\n\n<h3 class=\"wp-block-heading\">Nab\u00eddka SLA<\/h3>\n\n\n<ul>\n<li><strong>SLA1 &#8211; <\/strong>z\u00e1lo\u017en\u00ed konektivita LTE nebo VDSL &#8230;&#8230;&#8230;&#8230;&#8230;&#8230;&#8230; + 1 000 K\u010d bez DPH\/m\u011bs\u00edc<\/li>\n<li><strong>SLA2 &#8211; <\/strong>servisn\u00ed z\u00e1sah do 18 hodin &#8230;&#8230;&#8230;&#8230;&#8230;&#8230;&#8230;&#8230;&#8230;&#8230;&#8230;. + 2 000 K\u010d bez DPH\/m\u011bs\u00edc<\/li>\n<li><strong>SLA3<\/strong> &#8211; servisn\u00ed z\u00e1sah do 12 hodin &#8230;&#8230;&#8230;&#8230;&#8230;&#8230;&#8230;&#8230;&#8230;&#8230;&#8230;.. + 3 000 K\u010d bez DPH\/m\u011bs\u00edc<\/li>\n<li><strong>SLA4<\/strong> &#8211; servisn\u00ed z\u00e1sah do 6 hodin &#8230;&#8230;&#8230;&#8230;&#8230;&#8230;&#8230;&#8230;&#8230;&#8230;&#8230;&#8230;. + 4 000 K\u010d bez DPH\/m\u011bs\u00edc<\/li>\n<\/ul>\n\n\n<h3 class=\"wp-block-heading\">Dopl\u0148kov\u00e9 slu\u017eby<\/h3>\n\n\n\n<h5 class=\"wp-block-heading\">Telefonn\u00ed linka<\/h5>\n\n\n<ul>\n<li>bez pau\u0161\u00e1ln\u00edch poplatk\u016f, vol\u00e1n\u00ed od 0,40 K\u010d\/min., plat\u00edte jen provolan\u00fd \u010das<\/li>\n<li>mo\u017enost \u010derp\u00e1n\u00ed slu\u017eeb formou pre-paid (kredit) i post-paid (faktura)<\/li>\n<li>levn\u00e9 hovory do zahrani\u010d\u00ed, vol\u00e1n\u00ed do partnersk\u00fdch s\u00edt\u00ed zdarma<\/li>\n<li>nov\u00e9 telefonn\u00ed \u010d\u00edslo je zdarma<\/li>\n<li>p\u0159evod st\u00e1vaj\u00edc\u00edho \u010d\u00edsla za jednor\u00e1zov\u00fd poplatek<\/li>\n<\/ul>\n\n\n<h5 class=\"wp-block-heading\">Digit\u00e1ln\u00ed televize<\/h5>\n\n\n<ul>\n<li>mo\u017enost sledov\u00e1n\u00ed p\u0159\u00edmo na chytr\u00e9 televizi, tabletu, telefonu, po\u010d\u00edta\u010di nebo set-top boxu<\/li>\n<li>velk\u00fd v\u00fdb\u011br kan\u00e1l\u016f, HD stanice, nahr\u00e1v\u00e1n\u00ed po\u0159ad\u016f<\/li>\n<li>mo\u017enost kdykoliv p\u0159ehr\u00e1t po\u0159ad od za\u010d\u00e1tku nebo pozastavit jej a p\u0159ehr\u00e1t op\u011btovn\u011b<\/li>\n<li>timeshift a\u017e 168 h zp\u011btn\u011b a a\u017e 120 h nahr\u00e1vek s mo\u017enost\u00ed roz\u0161\u00ed\u0159en\u00ed<\/li>\n<li>p\u0159ehr\u00e1v\u00e1n\u00ed sou\u010dasn\u011b na v\u00edce za\u0159\u00edzen\u00ed<\/li>\n<\/ul>\n\n\n<h5 class=\"wp-block-heading\">Ve\u0159ejn\u00e1 IP<\/h5>\n\n\n<ul>\n<li>Prvn\u00ed ve\u0159ejn\u00e1 IPv4 adresa je v cen\u011b tarifu.<\/li>\n<li>Dal\u0161\u00ed ve\u0159ejn\u00e1 IPv4 adresa je za p\u0159\u00edplatek 100 K\u010d bez DPH\/m\u011bs\u00ed\u010dn\u011b<\/li>\n<li>V cen\u011b tarifu je libovoln\u00fd po\u010det IPv6 prefix\u016f.<\/li>\n<\/ul>\n\n\n<h5 class=\"wp-block-heading\">Datacentrum<\/h5>\n\n\n<ul>\n<li>housing va\u0161ich server\u016f, georedundance<\/li>\n<li>slu\u017eba z\u00e1lohov\u00e1n\u00ed, resilience<\/li>\n<li>Office 365, Azure nebo vlastn\u00ed firemn\u00ed cloud<\/li>\n<li>pron\u00e1jem fyzick\u00fdch a virtu\u00e1ln\u00edch server\u016f<\/li>\n<\/ul>\n\n\n<h3 class=\"wp-block-heading\">Spr\u00e1va IT<\/h3>\n\n\n<ul>\n<li>v\u00fdstavba kabelov\u00e9, bezdr\u00e1tov\u00e9 a optick\u00e9 s\u00edt\u011b<\/li>\n<li>outsourcing IT slu\u017eeb, spr\u00e1va stanic, software, s\u00edt\u00ed a mobiln\u00edho vybaven\u00ed<\/li>\n<li>spr\u00e1va firemn\u00edch s\u00edt\u00ed a server\u016f<\/li>\n<li>webhosting, e-mail a serverhousing<\/li>\n<li>softwarov\u00e9 vybaven\u00ed Office 365, ESET, Pohoda, FLEXIBEE, Helios, ABRA G3, Money S3 a S5<\/li>\n<li>IT Management, poradenstv\u00ed s provozem, n\u00e1kupem i v\u00fdvojem<\/li>\n<li>mont\u00e1\u017ee kamerov\u00fdch syst\u00e9m\u016f a EZS<\/li>\n<li>provoz virtu\u00e1ln\u00edch server\u016f<\/li>\n<li>slaboproud\u00e9 elektroinstalace<\/li>\n<\/ul>\n\n\n<figure class=\"wp-block-image size-large\"><img loading=\"lazy\" decoding=\"async\" width=\"724\" height=\"1024\" src=\"http:\/\/brevnov.hostx008.spoje.net\/wp-content\/uploads\/2022\/09\/letak-profi-724x1024.png\" alt=\"\" class=\"wp-image-273\" srcset=\"https:\/\/brevnov.net\/wp-content\/uploads\/2022\/09\/letak-profi-724x1024.png 724w, https:\/\/brevnov.net\/wp-content\/uploads\/2022\/09\/letak-profi-212x300.png 212w, https:\/\/brevnov.net\/wp-content\/uploads\/2022\/09\/letak-profi-768x1086.png 768w, https:\/\/brevnov.net\/wp-content\/uploads\/2022\/09\/letak-profi-1086x1536.png 1086w, https:\/\/brevnov.net\/wp-content\/uploads\/2022\/09\/letak-profi-1448x2048.png 1448w\" sizes=\"auto, (max-width: 724px) 100vw, 724px\" \/><\/figure>\n","protected":false},"excerpt":{"rendered":"<p>P\u0159ipojen\u00ed na optickou s\u00ed\u0165 BREVNOV.NET pro firemn\u00ed klienty Pro \u017eivnostn\u00edky a dal\u0161\u00ed firemn\u00ed klienty nab\u00edz\u00edme speci\u00e1ln\u00ed tarify s vy\u0161\u0161\u00ed garanc\u00ed a servisem do 1 pracovn\u00edho dne. garance servisu do jednoho pracovn\u00edho dne ve\u0159ejn\u00e1 IPv4 adresa v cen\u011b tarifu symetricky a bez limitu dat mo\u017enost individu\u00e1ln\u00edch tarif\u016f mo\u017enost dokoupen\u00ed r\u016fzn\u00fdch SLA Nab\u00eddka SLA SLA1 &#8211; z\u00e1lo\u017en\u00ed [&hellip;]<\/p>\n","protected":false},"author":1,"featured_media":0,"parent":0,"menu_order":0,"comment_status":"closed","ping_status":"closed","template":"","meta":{"footnotes":""},"class_list":["post-192","page","type-page","status-publish","hentry","post"],"_links":{"self":[{"href":"https:\/\/brevnov.net\/index.php\/wp-json\/wp\/v2\/pages\/192","targetHints":{"allow":["GET"]}}],"collection":[{"href":"https:\/\/brevnov.net\/index.php\/wp-json\/wp\/v2\/pages"}],"about":[{"href":"https:\/\/brevnov.net\/index.php\/wp-json\/wp\/v2\/types\/page"}],"author":[{"embeddable":true,"href":"https:\/\/brevnov.net\/index.php\/wp-json\/wp\/v2\/users\/1"}],"replies":[{"embeddable":true,"href":"https:\/\/brevnov.net\/index.php\/wp-json\/wp\/v2\/comments?post=192"}],"version-history":[{"count":24,"href":"https:\/\/brevnov.net\/index.php\/wp-json\/wp\/v2\/pages\/192\/revisions"}],"predecessor-version":[{"id":350,"href":"https:\/\/brevnov.net\/index.php\/wp-json\/wp\/v2\/pages\/192\/revisions\/350"}],"wp:attachment":[{"href":"https:\/\/brevnov.net\/index.php\/wp-json\/wp\/v2\/media?parent=192"}],"curies":[{"name":"wp","href":"https:\/\/api.w.org\/{rel}","templated":true}]}}